{"id":69,"date":"2025-04-03T10:00:23","date_gmt":"2025-04-03T10:00:23","guid":{"rendered":"http:\/\/altihjul.loc\/?page_id=69"},"modified":"2025-07-31T15:24:31","modified_gmt":"2025-07-31T15:24:31","slug":"om","status":"publish","type":"page","link":"https:\/\/altihjul.dk\/sv\/about\/","title":{"rendered":"Om oss"},"content":{"rendered":"<div class=\"application mt-12 mt-xl-22\">\n    <div class=\"container d-flex justify-content-between flex-column flex-lg-row\">\n        <div class=\"col-12 col-lg-4\">\n                            <h2 class=\"application__title base_font base_font__title-1_5 fw-medium m-0\">\n                    Vi h\u00e5ller ditt f\u00f6retag rullande                <\/h2>\n                                <\/div>\n        <div class=\"application__content col-12 col-lg-7 col-xl-8 d-flex align-items-end flex-column mt-5 mt-lg-0\">\n            <div class=\"d-flex justify-content-end flex-column flex-xl-row\">\n                                    <p class=\"application__text w-100 base_font base_font__paragraph-l mb-4 mb-xl-0 me-xl-4\">V\u00e4lkommen till Altihjul.dk - din professionella webbshop med fokus p\u00e5 industrihjul och l\u00e4nkhjul.\r\nAltihjul.dk \u00e4r en del av HF Smede- og Maskinvaerksted A\/S, som uteslutande \u00e4gnar sig \u00e5t f\u00f6rs\u00e4ljning av h\u00f6gkvalitativa industrihjul och l\u00e4nkhjul. Vi erbjuder ett brett urval, inklusive apparathjul, hjul i rostfritt st\u00e5l och tunga hjul, vilket g\u00f6r det enkelt f\u00f6r dig att hitta exakt de hjul du beh\u00f6ver f\u00f6r dina professionella uppgifter<\/p>\n                                                    <p class=\"application__text w-100 base_font base_font__paragraph-l m-0\">P\u00e5 Altihjul.dk \u00e4r kvalitet och r\u00e4ttvis priss\u00e4ttning k\u00e4rnv\u00e4rden. V\u00e5rt standardproduktsortiment \u00e4r noggrant utvalt fr\u00e5n v\u00e4lrenommerade leverant\u00f6rer, vilket s\u00e4kerst\u00e4ller att v\u00e5ra kunder alltid f\u00e5r h\u00e5llbara och p\u00e5litliga\r\nl\u00f6sningar. Vi \u00e4r stolta \u00f6ver att kunna erbjuda ett omfattande sortiment av hjul och l\u00e4nkhjul som l\u00e4mpar sig f\u00f6r olika industriella till\u00e4mpningar - fr\u00e5n vanliga apparathjul till extremt robusta heavy duty-l\u00f6sningar<\/p>\n                            <\/div>\n                    <\/div>\n    <\/div>\n<\/div>\n\n\n\n<div class=\"service mt-12 mt-xl-22\">\n    <div class=\"container d-flex justify-content-between flex-column flex-lg-row\">\n        <div class=\"col-12 col-lg-4\">\n                            <img decoding=\"async\" class=\"img-fluid service__first-img w-100\" src=\"https:\/\/altihjul.dk\/wp-content\/uploads\/2025\/05\/service1.jpg\" alt=\"tj\u00e4nst1\">\n                                        <p class=\"service__title base_font base_font__paragraph-l m-0 mt-6\">\n                    P\u00e5 Altihjul.dk \u00e4r kundservice mer \u00e4n bara ord - det \u00e4r sj\u00e4lva k\u00e4rnan i v\u00e5r verksamhet. Vi str\u00e4var efter att ge dig exakt det st\u00f6d och de r\u00e5d du beh\u00f6ver. V\u00e5rt professionella och tillm\u00f6tesg\u00e5ende team \u00e4r alltid redo att ge dig r\u00e5d och se till att du f\u00e5r r\u00e4tt hjul f\u00f6r dina specifika krav                <\/p>\n                    <\/div>\n        <div class=\"service__content col-12 col-lg-7 col-xl-8 d-flex align-items-end flex-column mt-7 mt-lg-0\">\n                            <img decoding=\"async\" class=\"img-fluid service__second-img w-100\" src=\"https:\/\/altihjul.dk\/wp-content\/uploads\/2025\/07\/image-5-1.jpg\" alt=\"bild-5-1\">\n                    <\/div>\n    <\/div>\n<\/div>\n\n\n<div class=\"operate mt-12 mt-xl-22 mb-12 mb-xl-22\">\n    <div class=\"container d-flex justify-content-between flex-column-reverse flex-lg-row\">\n        <div class=\"col-12 col-lg-5 mt-6 mt-lg-0\">\n                            <img decoding=\"async\" class=\"img-fluid operate__first-img w-100\" src=\"https:\/\/altihjul.dk\/wp-content\/uploads\/2025\/05\/operate.jpg\" alt=\"arbeta\">\n                    <\/div>\n        <div class=\"operate__content col-12 col-lg-6 d-flex align-items-start flex-column\">\n                            <h2 class=\"operate__title base_font base_font__title-6 m-0 mb-5 me-lg-1\">\n                    Vi arbetar uteslutande B2B (Business-to-Business) - det vill s\u00e4ga f\u00f6retag till f\u00f6retag - och har d\u00e4rf\u00f6r ingen f\u00f6rs\u00e4ljning till privatpersoner                <\/h2>\n                                        <p class=\"operate__text base_font base_font__paragraph-l m-0\">\n                    Du kan lita p\u00e5 Altihjul.dk som din p\u00e5litliga partner. Vi h\u00e5ller vad vi lovar och str\u00e4var efter att g\u00f6ra ditt dagliga arbete enklare genom att konsekvent leverera optimala l\u00f6sningar. Hos oss hittar du alltid den perfekta kombinationen av h\u00f6g kvalitet, utm\u00e4rkt service och rimliga priser                <\/p>\n                                        <a href=\"\/sv\/katalog\/\" class=\"operate__button btn btn__primary mt-6 mt-lg-9 w-100\">\n                    Utforska katalogen                <\/a>\n                    <\/div>\n    <\/div>\n<\/div>","protected":false},"excerpt":{"rendered":"","protected":false},"author":1,"featured_media":0,"parent":0,"menu_order":0,"comment_status":"closed","ping_status":"closed","template":"","meta":{"inline_featured_image":false,"footnotes":""},"class_list":["post-69","page","type-page","status-publish","hentry"],"acf":[],"yoast_head":"<!-- This site is optimized with the Yoast SEO Premium plugin v26.8 (Yoast SEO v27.4) - https:\/\/yoast.com\/product\/yoast-seo-premium-wordpress\/ -->\n<title>About Altihjul - Danish Caster Wheel Experts<\/title>\n<meta name=\"description\" content=\"Learn more about Altihjul, a Danish supplier of caster wheels and custom mobility solutions. Discover our mission, values, and expertise.\" \/>\n<meta name=\"robots\" content=\"index, follow, max-snippet:-1, max-image-preview:large, max-video-preview:-1\" \/>\n<link rel=\"canonical\" href=\"https:\/\/altihjul.dk\/sv\/om\/\" \/>\n<meta property=\"og:locale\" content=\"sv_SE\" \/>\n<meta property=\"og:type\" content=\"article\" \/>\n<meta property=\"og:title\" content=\"About us\" \/>\n<meta property=\"og:description\" content=\"Learn more about Altihjul, a Danish supplier of caster wheels and custom mobility solutions. Discover our mission, values, and expertise.\" \/>\n<meta property=\"og:url\" content=\"https:\/\/altihjul.dk\/sv\/om\/\" \/>\n<meta property=\"og:site_name\" content=\"Altihjul\" \/>\n<meta property=\"article:modified_time\" content=\"2025-07-31T15:24:31+00:00\" \/>\n<meta property=\"og:image\" content=\"https:\/\/altihjul.dk\/wp-content\/uploads\/2025\/04\/hero-new.png\" \/>\n\t<meta property=\"og:image:width\" content=\"1920\" \/>\n\t<meta property=\"og:image:height\" content=\"700\" \/>\n\t<meta property=\"og:image:type\" content=\"image\/png\" \/>\n<meta name=\"twitter:card\" content=\"summary_large_image\" \/>\n<script type=\"application\/ld+json\" class=\"yoast-schema-graph\">{\"@context\":\"https:\\\/\\\/schema.org\",\"@graph\":[{\"@type\":\"WebPage\",\"@id\":\"https:\\\/\\\/altihjul.dk\\\/about\\\/\",\"url\":\"https:\\\/\\\/altihjul.dk\\\/about\\\/\",\"name\":\"About Altihjul - Danish Caster Wheel Experts\",\"isPartOf\":{\"@id\":\"https:\\\/\\\/altihjul.dk\\\/#website\"},\"datePublished\":\"2025-04-03T10:00:23+00:00\",\"dateModified\":\"2025-07-31T15:24:31+00:00\",\"description\":\"Learn more about Altihjul, a Danish supplier of caster wheels and custom mobility solutions. Discover our mission, values, and expertise.\",\"breadcrumb\":{\"@id\":\"https:\\\/\\\/altihjul.dk\\\/about\\\/#breadcrumb\"},\"inLanguage\":\"sv-SE\",\"potentialAction\":[{\"@type\":\"ReadAction\",\"target\":[\"https:\\\/\\\/altihjul.dk\\\/about\\\/\"]}]},{\"@type\":\"BreadcrumbList\",\"@id\":\"https:\\\/\\\/altihjul.dk\\\/about\\\/#breadcrumb\",\"itemListElement\":[{\"@type\":\"ListItem\",\"position\":1,\"name\":\"Hjem\",\"item\":\"https:\\\/\\\/altihjul.dk\\\/\"},{\"@type\":\"ListItem\",\"position\":2,\"name\":\"About us\"}]},{\"@type\":\"WebSite\",\"@id\":\"https:\\\/\\\/altihjul.dk\\\/#website\",\"url\":\"https:\\\/\\\/altihjul.dk\\\/\",\"name\":\"Altihjul\",\"description\":\"\",\"publisher\":{\"@id\":\"https:\\\/\\\/altihjul.dk\\\/#organization\"},\"potentialAction\":[{\"@type\":\"SearchAction\",\"target\":{\"@type\":\"EntryPoint\",\"urlTemplate\":\"https:\\\/\\\/altihjul.dk\\\/?s={search_term_string}\"},\"query-input\":{\"@type\":\"PropertyValueSpecification\",\"valueRequired\":true,\"valueName\":\"search_term_string\"}}],\"inLanguage\":\"sv-SE\"},{\"@type\":[\"Organization\",\"Place\"],\"@id\":\"https:\\\/\\\/altihjul.dk\\\/#organization\",\"name\":\"Altihjul\",\"url\":\"https:\\\/\\\/altihjul.dk\\\/\",\"logo\":{\"@id\":\"https:\\\/\\\/altihjul.dk\\\/about\\\/#local-main-organization-logo\"},\"image\":{\"@id\":\"https:\\\/\\\/altihjul.dk\\\/about\\\/#local-main-organization-logo\"},\"address\":{\"@id\":\"https:\\\/\\\/altihjul.dk\\\/about\\\/#local-main-place-address\"},\"telephone\":[\"+45 97529219\"],\"openingHoursSpecification\":[{\"@type\":\"OpeningHoursSpecification\",\"dayOfWeek\":[\"Monday\",\"Tuesday\",\"Wednesday\",\"Thursday\"],\"opens\":\"07:00\",\"closes\":\"15:30\"},{\"@type\":\"OpeningHoursSpecification\",\"dayOfWeek\":[\"Friday\"],\"opens\":\"07:00\",\"closes\":\"12:00\"},{\"@type\":\"OpeningHoursSpecification\",\"dayOfWeek\":[\"Saturday\",\"Sunday\"],\"opens\":\"00:00\",\"closes\":\"00:00\"}],\"email\":\"info@Altihjul.dk\",\"vatID\":\"DK27510671\",\"taxID\":\"DK27510671\"},{\"@type\":\"PostalAddress\",\"@id\":\"https:\\\/\\\/altihjul.dk\\\/about\\\/#local-main-place-address\",\"streetAddress\":\"V\u00e6selvej 40\",\"addressLocality\":\"Skive\",\"postalCode\":\"7800\",\"addressCountry\":\"DK\"},{\"@type\":\"ImageObject\",\"inLanguage\":\"sv-SE\",\"@id\":\"https:\\\/\\\/altihjul.dk\\\/about\\\/#local-main-organization-logo\",\"url\":\"https:\\\/\\\/altihjul.dk\\\/wp-content\\\/uploads\\\/2025\\\/06\\\/logo.png\",\"contentUrl\":\"https:\\\/\\\/altihjul.dk\\\/wp-content\\\/uploads\\\/2025\\\/06\\\/logo.png\",\"width\":130,\"height\":30,\"caption\":\"Altihjul\"}]}<\/script>\n<meta name=\"geo.placename\" content=\"Skive\" \/>\n<meta name=\"geo.region\" content=\"Danmark\" \/>\n<!-- \/ Yoast SEO Premium plugin. -->","yoast_head_json":{"title":"Om Altihjul - danska experter p\u00e5 l\u00e4nkhjul","description":"L\u00e4s mer om Altihjul, en dansk leverant\u00f6r av l\u00e4nkhjul och anpassade mobilitetsl\u00f6sningar. Uppt\u00e4ck v\u00e5rt uppdrag, v\u00e5ra v\u00e4rderingar och v\u00e5r expertis.","robots":{"index":"index","follow":"follow","max-snippet":"max-snippet:-1","max-image-preview":"max-image-preview:large","max-video-preview":"max-video-preview:-1"},"canonical":"https:\/\/altihjul.dk\/sv\/om\/","og_locale":"sv_SE","og_type":"article","og_title":"About us","og_description":"Learn more about Altihjul, a Danish supplier of caster wheels and custom mobility solutions. Discover our mission, values, and expertise.","og_url":"https:\/\/altihjul.dk\/sv\/om\/","og_site_name":"Altihjul","article_modified_time":"2025-07-31T15:24:31+00:00","og_image":[{"width":1920,"height":700,"url":"https:\/\/altihjul.dk\/wp-content\/uploads\/2025\/04\/hero-new.png","type":"image\/png"}],"twitter_card":"summary_large_image","schema":{"@context":"https:\/\/schema.org","@graph":[{"@type":"WebPage","@id":"https:\/\/altihjul.dk\/about\/","url":"https:\/\/altihjul.dk\/about\/","name":"Om Altihjul - danska experter p\u00e5 l\u00e4nkhjul","isPartOf":{"@id":"https:\/\/altihjul.dk\/#website"},"datePublished":"2025-04-03T10:00:23+00:00","dateModified":"2025-07-31T15:24:31+00:00","description":"L\u00e4s mer om Altihjul, en dansk leverant\u00f6r av l\u00e4nkhjul och anpassade mobilitetsl\u00f6sningar. Uppt\u00e4ck v\u00e5rt uppdrag, v\u00e5ra v\u00e4rderingar och v\u00e5r expertis.","breadcrumb":{"@id":"https:\/\/altihjul.dk\/about\/#breadcrumb"},"inLanguage":"sv-SE","potentialAction":[{"@type":"ReadAction","target":["https:\/\/altihjul.dk\/about\/"]}]},{"@type":"BreadcrumbList","@id":"https:\/\/altihjul.dk\/about\/#breadcrumb","itemListElement":[{"@type":"ListItem","position":1,"name":"Hjem","item":"https:\/\/altihjul.dk\/"},{"@type":"ListItem","position":2,"name":"About us"}]},{"@type":"WebSite","@id":"https:\/\/altihjul.dk\/#website","url":"https:\/\/altihjul.dk\/","name":"Altihjul","description":"","publisher":{"@id":"https:\/\/altihjul.dk\/#organization"},"potentialAction":[{"@type":"SearchAction","target":{"@type":"EntryPoint","urlTemplate":"https:\/\/altihjul.dk\/?s={search_term_string}"},"query-input":{"@type":"PropertyValueSpecification","valueRequired":true,"valueName":"search_term_string"}}],"inLanguage":"sv-SE"},{"@type":["Organization","Place"],"@id":"https:\/\/altihjul.dk\/#organization","name":"Altihjul","url":"https:\/\/altihjul.dk\/","logo":{"@id":"https:\/\/altihjul.dk\/about\/#local-main-organization-logo"},"image":{"@id":"https:\/\/altihjul.dk\/about\/#local-main-organization-logo"},"address":{"@id":"https:\/\/altihjul.dk\/about\/#local-main-place-address"},"telephone":["+45 97529219"],"openingHoursSpecification":[{"@type":"OpeningHoursSpecification","dayOfWeek":["Monday","Tuesday","Wednesday","Thursday"],"opens":"07:00","closes":"15:30"},{"@type":"OpeningHoursSpecification","dayOfWeek":["Friday"],"opens":"07:00","closes":"12:00"},{"@type":"OpeningHoursSpecification","dayOfWeek":["Saturday","Sunday"],"opens":"00:00","closes":"00:00"}],"email":"info@Altihjul.dk","vatID":"DK27510671","taxID":"DK27510671"},{"@type":"PostalAddress","@id":"https:\/\/altihjul.dk\/about\/#local-main-place-address","streetAddress":"V\u00e6selvej 40","addressLocality":"Skive","postalCode":"7800","addressCountry":"DK"},{"@type":"ImageObject","inLanguage":"sv-SE","@id":"https:\/\/altihjul.dk\/about\/#local-main-organization-logo","url":"https:\/\/altihjul.dk\/wp-content\/uploads\/2025\/06\/logo.png","contentUrl":"https:\/\/altihjul.dk\/wp-content\/uploads\/2025\/06\/logo.png","width":130,"height":30,"caption":"Altihjul"}]},"geo.placename":"Skive","geo.region":"Danmark"},"_links":{"self":[{"href":"https:\/\/altihjul.dk\/sv\/wp-json\/wp\/v2\/pages\/69","targetHints":{"allow":["GET"]}}],"collection":[{"href":"https:\/\/altihjul.dk\/sv\/wp-json\/wp\/v2\/pages"}],"about":[{"href":"https:\/\/altihjul.dk\/sv\/wp-json\/wp\/v2\/types\/page"}],"author":[{"embeddable":true,"href":"https:\/\/altihjul.dk\/sv\/wp-json\/wp\/v2\/users\/1"}],"replies":[{"embeddable":true,"href":"https:\/\/altihjul.dk\/sv\/wp-json\/wp\/v2\/comments?post=69"}],"version-history":[{"count":11,"href":"https:\/\/altihjul.dk\/sv\/wp-json\/wp\/v2\/pages\/69\/revisions"}],"predecessor-version":[{"id":4779,"href":"https:\/\/altihjul.dk\/sv\/wp-json\/wp\/v2\/pages\/69\/revisions\/4779"}],"wp:attachment":[{"href":"https:\/\/altihjul.dk\/sv\/wp-json\/wp\/v2\/media?parent=69"}],"curies":[{"name":"wp","href":"https:\/\/api.w.org\/{rel}","templated":true}]}}