{"id":327,"date":"2025-05-30T14:40:21","date_gmt":"2025-05-30T14:40:21","guid":{"rendered":"http:\/\/umova.ho.ua\/?page_id=327"},"modified":"2025-07-30T11:59:59","modified_gmt":"2025-07-30T11:59:59","slug":"kontakter","status":"publish","type":"page","link":"https:\/\/altihjul.dk\/nb\/contacts\/","title":{"rendered":"Kontaktpersoner"},"content":{"rendered":"<div class=\"contacts-block mt-9 mb-7 my-lg-17\">\n    <div class=\"container d-lg-flex justify-content-between\">\n                            <h2 class=\"contacts-block__title mb-6 mb-lg-0 base_font base_font__title-1_5 color__gray fw-medium\">\n                    Vi er her for \u00e5 hjelpe deg med \u00e5 komme videre                <\/h2>\n                    <div class=\"contacts-block__info bg-white p-4 p-lg-6 d-flex flex-column flex-lg-row flex-wrap\">\n                            <div class=\"contacts-block__item w-100\">\n                    <p class=\"base_font base_font__paragraph-xl color__gray fw-medium mb-4\">Phone:<\/p>\n                                            <a href=\"tlf:+45 97 52 92 19\" class=\"d-block base_font base_font__paragraph-l color__blue text-decoration-none\">\n                            +45 97 52 92 19                        <\/a>\n                                    <\/div>\n            \n                            <div class=\"contacts-block__item w-100\">\n                    <p class=\"base_font base_font__paragraph-xl color__gray fw-medium mb-4\">E-post:<\/p>\n                                            <a href=\"mailto:Info@Altihjul.dk\" class=\"d-block base_font base_font__paragraph-l color__blue text-decoration-none\">\n                            Info@Altihjul.dk                        <\/a>\n                                    <\/div>\n            \n                            <div class=\"contacts-block__item w-100\">\n                    <p class=\"base_font base_font__paragraph-xl color__gray fw-medium mb-4\">Address:<\/p>\n                                            <a href=\"https:\/\/maps.app.goo.gl\/S6pc67DSAhreWem39\"\n                           target=\"_blank\"\n                           class=\"d-block base_font base_font__paragraph-l color__blue text-decoration-none\">\n                            Vaeselvej 40 7800 Skive, Danmark                        <\/a>\n                                    <\/div>\n            \n                            <div class=\"contacts-block__item w-100\">\n                    <p class=\"base_font base_font__paragraph-xl color__gray fw-medium mb-4\">Opening hours:<\/p>\n                    <ul class=\"list-unstyled mb-0\">\n                                                    <li class=\"base_font base_font__paragraph-l color__gray\">Man - tors: 7:00 - 15:35<\/li>\n                                                    <li class=\"base_font base_font__paragraph-l color__gray\">Fre: 7:00 - 12:00<\/li>\n                                                    <li class=\"base_font base_font__paragraph-l color__gray\">L\u00f8r - s\u00f8n: Stengt<\/li>\n                                            <\/ul>\n                <\/div>\n                    <\/div>\n    <\/div>\n<\/div>\n\n\n<div class=\"my-7 my-lg-17\">\n    <div class=\"container\">\n        <div class=\"mb-6 mb-lg-9 d-lg-flex align-items-center justify-content-between\">\n                            <h2 class=\"map__title fw-medium base_font base_font__subtitle-2 text-black mb-5 mb-lg-0\">Bes\u00f8k v\u00e5rt kontor i Skive, Danmark<\/h2>\n            \n                            <p class=\"map__subtitle base_font base_font__paragraph-l color__gray m-0\">Hovedkontoret v\u00e5rt ligger i Skive i Danmark - midt i hjertet av Jylland. Kom gjerne innom, avtal et m\u00f8te eller bare si hei - vi er alltid glade for \u00e5 komme i kontakt med deg.<\/p>\n                    <\/div>\n\n                    <iframe\n                width=\"100%\"\n                height=\"100%\"\n                frameborder=\"0\"\n                loading=\"lazy\"\n                allowfullscreen\n src=\"https:\/\/www.google.com\/maps?q=Vaeselvej+40+7800+Skive%2C+Denmark&#038;output=embed\"\n                class=\"map__iframe\"\n                title=\"Google Map plassering av Vaeselvej 40 7800 Skive, Denmark\" data-no-translation-title=\"\">\n            <\/iframe>\n            <\/div>\n<\/div>\n\n\n\n<div class=\"my-7 my-lg-17\" id=\"contact-form-wrapper\">\n    <div class=\"container d-xl-flex justify-content-between gap-6\">\n\n                    <div class=\"contact-form__img d-none d-xl-block overflow-hidden\">\n                <img decoding=\"async\"\n                    src=\"https:\/\/altihjul.dk\/wp-content\/uploads\/2025\/05\/image.jpg\"\n                    alt=\"\"\n                    class=\"w-100 h-100 object-fit-cover\"\n                >\n            <\/div>\n        \n        <div class=\"contact-form__content\">\n\n                            <h2 class=\"contact-form__title fw-medium base_font base_font__subtitle-2 text-black mb-6 mb-lg-7\">\n                    Tydelig kommunikasjon er grunnlaget for sterk logistikk                <\/h2>\n            \n            <form\n                id=\"contact-form\"\n                action=\"https:\/\/altihjul.dk\/wp-admin\/admin-post.php\"\n                method=\"post\"\n                novalidate\n class=\"d-flex flex-column gap-5 flex-lg-row flex-wrap\"\n            >\n                <input type=\"hidden\" name=\"action\" value=\"submit_contact_form\">\n                <input type=\"hidden\" id=\"submit_contact_form_nonce\" name=\"submit_contact_form_nonce\" value=\"3133c09488\" \/><input type=\"hidden\" name=\"_wp_http_referer\" value=\"\/nb\/wp-json\/wp\/v2\/pages\/327\" \/>                <input type=\"hidden\" name=\"recipient\" value=\"testtest@gmail.com\">\n\n                <label class=\"contact-form__item d-block base_font\">\n                    <p class=\"fw-medium base_font__paragraph-l mb-4\">\n                        Fornavn <span class=\"color__blue\">*<\/span>\n                    <\/p>\n                    <input\n                        type=\"text\"\n                        id=\"cf_first_name\"\n                        name=\"cf_first_name\"\n                        class=\"input w-100 input__primary rounded-2 ps-3 pe-2 base_font__paragraph-l color__gray\"\n                        placeholder=\"Skriv inn navnet ditt\"\n                        required\n>\n                <\/label>\n\n                <label class=\"contact-form__item d-block base_font\">\n                    <p class=\"fw-medium base_font__paragraph-l mb-4\">\n                        Etternavn <span class=\"color__blue\">*<\/span>\n                    <\/p>\n                    <input\n                        type=\"text\"\n                        id=\"cf_last_name\"\n                        name=\"cf_last_name\"\n                        class=\"input w-100 input__primary rounded-2 ps-3 pe-2 base_font__paragraph-l color__gray\"\n                        placeholder=\"Skriv inn etternavnet ditt\"\n                        required\n>\n                <\/label>\n\n                <label class=\"contact-form__item d-block base_font\">\n                    <p class=\"fw-medium base_font__paragraph-l mb-4\">\n                        E-post <span class=\"color__blue\">*<\/span>\n                    <\/p>\n                    <input\n                        type=\"email\"\n                        id=\"cf_email\"\n                        name=\"cf_email\"\n                        class=\"input w-100 input__primary rounded-2 ps-3 pe-2 base_font__paragraph-l color__gray\"\n                        placeholder=\"Skriv inn e-postadressen din\"\n                        required\n>\n                <\/label>\n\n                <label class=\"contact-form__item d-block base_font\">\n                    <p class=\"fw-medium base_font__paragraph-l mb-4\">\n                        Telefonnummer (valgfritt)\n                    <\/p>\n                    <input\n                        type=\"tel\"\n                        id=\"cf_phone\"\n                        name=\"cf_phone\"\n                        class=\"input w-100 input__primary rounded-2 ps-3 pe-2 base_font__paragraph-l color__gray\"\n                        placeholder=\"Skriv inn telefonnummeret ditt\"\n                    >\n                <\/label>\n\n                <label class=\"contact-form__item d-block base_font w-100\">\n                    <p class=\"fw-medium base_font__paragraph-l mb-4\">\n                        Firmanavn (valgfritt)\n                    <\/p>\n                    <input\n                        type=\"text\"\n                        id=\"cf_company\"\n                        name=\"cf_company\"\n                        class=\"input w-100 input__primary rounded-2 ps-3 pe-2 base_font__paragraph-l color__gray\"\n                        placeholder=\"Skriv inn firmanavn\"\n                    >\n                <\/label>\n\n                <label class=\"contact-form__item d-block base_font w-100\">\n                    <p class=\"fw-medium base_font__paragraph-l mb-4\">\n                        Emne <span class=\"color__blue\">*<\/span>\n                    <\/p>\n                    <input\n                        type=\"text\"\n                        id=\"cf_subject\"\n                        name=\"cf_subject\"\n                        class=\"input w-100 input__primary rounded-2 ps-3 pe-2 base_font__paragraph-l color__gray\"\n                        placeholder=\"Angi emne\"\n                        required\n>\n                <\/label>\n\n                <label class=\"contact-form__item d-block base_font w-100\">\n                    <p class=\"fw-medium base_font__paragraph-l mb-4\">\n                        Melding (valgfritt)\n                    <\/p>\n                    <textarea\n                        id=\"cf_message\"\n                        name=\"cf_message\"\n                        rows=\"5\"\n                        class=\"input w-100 input__area rounded-2 ps-3 pe-2 py-3 base_font__paragraph-l color__gray\"\n                        placeholder=\"Skriv inn bestillingsnotater eller sp\u00f8r oss om noe\"\n                    ><\/textarea>\n                <\/label>\n\n                <input type=\"hidden\" id=\"cf_site_key\" value=\"6LeZiFsrAAAAAJFR7B74np7HHnr5c6j0m44yNnNS\">\n\n                <button id=\"cf_submit\" type=\"submit\" class=\"btn btn__primary w-100 mt-2\">\n                    Send inn\n                <\/button>\n            <\/form>\n            \n<p class=\"base_font base_font__paragraph-xxs color__light-gray pt-2 mb-0 mt-3\">\n    Dette nettstedet er beskyttet av reCAPTCHA, og Googles <a class=\"color__blue text-decoration-none\" href=\"https:\/\/policies.google.com\/privacy\">Privacy Policy<\/a> og <a class=\"color__blue text-decoration-none\" href=\"https:\/\/policies.google.com\/terms\">Terms of Service<\/a> gjelder.<\/p>        <\/div>\n    <\/div>\n<\/div>\n<div id=\"message-sent-modal\" class=\"modal__wrapper position-fixed z-3 d-none\">\n    <div class=\"modal d-block bg-white p-5 position-absolute h-auto w-100\">\n        <div class=\"d-flex align-items-center justify-content-between mb-5\">\n            <h5 class=\"fw-medium base_font base_font__subtitle-1 mb-0 color__gray\">Melding sendt vellykket<\/h5>\n            <i class=\"icon-close modal__close color__gray icons-font__l\"><\/i>\n        <\/div>\n        <div class=\"base_font base_font__paragraph-l color__light-gray mt-4\">\n            Takk for at du tok kontakt! <br>\n            Meldingen din har blitt sendt til teamet v\u00e5rt. Vi svarer deg s\u00e5 snart som mulig.\n        <\/div>\n        <a href=\"\/nb\/katalog\/\" class=\"btn btn__primary w-100 mt-5\">Til katalog<\/a>\n    <\/div>\n<\/div>","protected":false},"excerpt":{"rendered":"","protected":false},"author":5,"featured_media":0,"parent":0,"menu_order":0,"comment_status":"closed","ping_status":"closed","template":"","meta":{"inline_featured_image":false,"footnotes":""},"class_list":["post-327","page","type-page","status-publish","hentry"],"acf":[],"yoast_head":"<!-- This site is optimized with the Yoast SEO Premium plugin v26.8 (Yoast SEO v27.4) - https:\/\/yoast.com\/product\/yoast-seo-premium-wordpress\/ -->\n<title>Contacts - Altihjul | Caster Wheels &amp; Support in Denmark<\/title>\n<meta name=\"description\" content=\"Contact Altihjul for caster wheels, support, or business inquiries. Reach us by phone, email, or visit us in Denmark.\" \/>\n<meta name=\"robots\" content=\"index, follow, max-snippet:-1, max-image-preview:large, max-video-preview:-1\" \/>\n<link rel=\"canonical\" href=\"https:\/\/altihjul.dk\/nb\/kontakter\/\" \/>\n<meta property=\"og:locale\" content=\"nb_NO\" \/>\n<meta property=\"og:type\" content=\"article\" \/>\n<meta property=\"og:title\" content=\"Contacts\" \/>\n<meta property=\"og:description\" content=\"Contact Altihjul for caster wheels, support, or business inquiries. Reach us by phone, email, or visit us in Denmark.\" \/>\n<meta property=\"og:url\" content=\"https:\/\/altihjul.dk\/nb\/kontakter\/\" \/>\n<meta property=\"og:site_name\" content=\"Altihjul\" \/>\n<meta property=\"article:modified_time\" content=\"2025-07-30T11:59:59+00:00\" \/>\n<meta property=\"og:image\" content=\"https:\/\/altihjul.dk\/wp-content\/uploads\/2025\/04\/hero-new.png\" \/>\n\t<meta property=\"og:image:width\" content=\"1920\" \/>\n\t<meta property=\"og:image:height\" content=\"700\" \/>\n\t<meta property=\"og:image:type\" content=\"image\/png\" \/>\n<meta name=\"twitter:card\" content=\"summary_large_image\" \/>\n<script type=\"application\/ld+json\" class=\"yoast-schema-graph\">{\"@context\":\"https:\\\/\\\/schema.org\",\"@graph\":[{\"@type\":\"WebPage\",\"@id\":\"https:\\\/\\\/altihjul.dk\\\/contacts\\\/\",\"url\":\"https:\\\/\\\/altihjul.dk\\\/contacts\\\/\",\"name\":\"Contacts - Altihjul | Caster Wheels & Support in Denmark\",\"isPartOf\":{\"@id\":\"https:\\\/\\\/altihjul.dk\\\/#website\"},\"datePublished\":\"2025-05-30T14:40:21+00:00\",\"dateModified\":\"2025-07-30T11:59:59+00:00\",\"description\":\"Contact Altihjul for caster wheels, support, or business inquiries. Reach us by phone, email, or visit us in Denmark.\",\"breadcrumb\":{\"@id\":\"https:\\\/\\\/altihjul.dk\\\/contacts\\\/#breadcrumb\"},\"inLanguage\":\"nb-NO\",\"potentialAction\":[{\"@type\":\"ReadAction\",\"target\":[\"https:\\\/\\\/altihjul.dk\\\/contacts\\\/\"]}]},{\"@type\":\"BreadcrumbList\",\"@id\":\"https:\\\/\\\/altihjul.dk\\\/contacts\\\/#breadcrumb\",\"itemListElement\":[{\"@type\":\"ListItem\",\"position\":1,\"name\":\"Hjem\",\"item\":\"https:\\\/\\\/altihjul.dk\\\/\"},{\"@type\":\"ListItem\",\"position\":2,\"name\":\"Contacts\"}]},{\"@type\":\"WebSite\",\"@id\":\"https:\\\/\\\/altihjul.dk\\\/#website\",\"url\":\"https:\\\/\\\/altihjul.dk\\\/\",\"name\":\"Altihjul\",\"description\":\"\",\"publisher\":{\"@id\":\"https:\\\/\\\/altihjul.dk\\\/#organization\"},\"potentialAction\":[{\"@type\":\"SearchAction\",\"target\":{\"@type\":\"EntryPoint\",\"urlTemplate\":\"https:\\\/\\\/altihjul.dk\\\/?s={search_term_string}\"},\"query-input\":{\"@type\":\"PropertyValueSpecification\",\"valueRequired\":true,\"valueName\":\"search_term_string\"}}],\"inLanguage\":\"nb-NO\"},{\"@type\":[\"Organization\",\"Place\"],\"@id\":\"https:\\\/\\\/altihjul.dk\\\/#organization\",\"name\":\"Altihjul\",\"url\":\"https:\\\/\\\/altihjul.dk\\\/\",\"logo\":{\"@id\":\"https:\\\/\\\/altihjul.dk\\\/contacts\\\/#local-main-organization-logo\"},\"image\":{\"@id\":\"https:\\\/\\\/altihjul.dk\\\/contacts\\\/#local-main-organization-logo\"},\"address\":{\"@id\":\"https:\\\/\\\/altihjul.dk\\\/contacts\\\/#local-main-place-address\"},\"telephone\":[\"+45 97529219\"],\"openingHoursSpecification\":[{\"@type\":\"OpeningHoursSpecification\",\"dayOfWeek\":[\"Monday\",\"Tuesday\",\"Wednesday\",\"Thursday\"],\"opens\":\"07:00\",\"closes\":\"15:30\"},{\"@type\":\"OpeningHoursSpecification\",\"dayOfWeek\":[\"Friday\"],\"opens\":\"07:00\",\"closes\":\"12:00\"},{\"@type\":\"OpeningHoursSpecification\",\"dayOfWeek\":[\"Saturday\",\"Sunday\"],\"opens\":\"00:00\",\"closes\":\"00:00\"}],\"email\":\"info@Altihjul.dk\",\"vatID\":\"DK27510671\",\"taxID\":\"DK27510671\"},{\"@type\":\"PostalAddress\",\"@id\":\"https:\\\/\\\/altihjul.dk\\\/contacts\\\/#local-main-place-address\",\"streetAddress\":\"V\u00e6selvej 40\",\"addressLocality\":\"Skive\",\"postalCode\":\"7800\",\"addressCountry\":\"DK\"},{\"@type\":\"ImageObject\",\"inLanguage\":\"nb-NO\",\"@id\":\"https:\\\/\\\/altihjul.dk\\\/contacts\\\/#local-main-organization-logo\",\"url\":\"https:\\\/\\\/altihjul.dk\\\/wp-content\\\/uploads\\\/2025\\\/06\\\/logo.png\",\"contentUrl\":\"https:\\\/\\\/altihjul.dk\\\/wp-content\\\/uploads\\\/2025\\\/06\\\/logo.png\",\"width\":130,\"height\":30,\"caption\":\"Altihjul\"}]}<\/script>\n<meta name=\"geo.placename\" content=\"Skive\" \/>\n<meta name=\"geo.region\" content=\"Denmark\" \/>\n<!-- \/ Yoast SEO Premium plugin. -->","yoast_head_json":{"title":"Kontakter - Altihjul | St\u00f8ttehjul og support i Danmark","description":"Kontakt Altihjul for hjul, support eller forretningsforesp\u00f8rsler. Kontakt oss p\u00e5 telefon, e-post eller bes\u00f8k oss i Danmark.","robots":{"index":"index","follow":"follow","max-snippet":"max-snippet:-1","max-image-preview":"max-image-preview:large","max-video-preview":"max-video-preview:-1"},"canonical":"https:\/\/altihjul.dk\/nb\/kontakter\/","og_locale":"nb_NO","og_type":"article","og_title":"Contacts","og_description":"Contact Altihjul for caster wheels, support, or business inquiries. Reach us by phone, email, or visit us in Denmark.","og_url":"https:\/\/altihjul.dk\/nb\/kontakter\/","og_site_name":"Altihjul","article_modified_time":"2025-07-30T11:59:59+00:00","og_image":[{"width":1920,"height":700,"url":"https:\/\/altihjul.dk\/wp-content\/uploads\/2025\/04\/hero-new.png","type":"image\/png"}],"twitter_card":"summary_large_image","schema":{"@context":"https:\/\/schema.org","@graph":[{"@type":"WebPage","@id":"https:\/\/altihjul.dk\/contacts\/","url":"https:\/\/altihjul.dk\/contacts\/","name":"Kontakter - Altihjul | St\u00f8ttehjul og support i Danmark","isPartOf":{"@id":"https:\/\/altihjul.dk\/#website"},"datePublished":"2025-05-30T14:40:21+00:00","dateModified":"2025-07-30T11:59:59+00:00","description":"Kontakt Altihjul for hjul, support eller forretningsforesp\u00f8rsler. Kontakt oss p\u00e5 telefon, e-post eller bes\u00f8k oss i Danmark.","breadcrumb":{"@id":"https:\/\/altihjul.dk\/contacts\/#breadcrumb"},"inLanguage":"nb-NO","potentialAction":[{"@type":"ReadAction","target":["https:\/\/altihjul.dk\/contacts\/"]}]},{"@type":"BreadcrumbList","@id":"https:\/\/altihjul.dk\/contacts\/#breadcrumb","itemListElement":[{"@type":"ListItem","position":1,"name":"Hjem","item":"https:\/\/altihjul.dk\/"},{"@type":"ListItem","position":2,"name":"Contacts"}]},{"@type":"WebSite","@id":"https:\/\/altihjul.dk\/#website","url":"https:\/\/altihjul.dk\/","name":"Altihjul","description":"","publisher":{"@id":"https:\/\/altihjul.dk\/#organization"},"potentialAction":[{"@type":"SearchAction","target":{"@type":"EntryPoint","urlTemplate":"https:\/\/altihjul.dk\/?s={search_term_string}"},"query-input":{"@type":"PropertyValueSpecification","valueRequired":true,"valueName":"search_term_string"}}],"inLanguage":"nb-NO"},{"@type":["Organization","Place"],"@id":"https:\/\/altihjul.dk\/#organization","name":"Altihjul","url":"https:\/\/altihjul.dk\/","logo":{"@id":"https:\/\/altihjul.dk\/contacts\/#local-main-organization-logo"},"image":{"@id":"https:\/\/altihjul.dk\/contacts\/#local-main-organization-logo"},"address":{"@id":"https:\/\/altihjul.dk\/contacts\/#local-main-place-address"},"telephone":["+45 97529219"],"openingHoursSpecification":[{"@type":"OpeningHoursSpecification","dayOfWeek":["Monday","Tuesday","Wednesday","Thursday"],"opens":"07:00","closes":"15:30"},{"@type":"OpeningHoursSpecification","dayOfWeek":["Friday"],"opens":"07:00","closes":"12:00"},{"@type":"OpeningHoursSpecification","dayOfWeek":["Saturday","Sunday"],"opens":"00:00","closes":"00:00"}],"email":"info@Altihjul.dk","vatID":"DK27510671","taxID":"DK27510671"},{"@type":"PostalAddress","@id":"https:\/\/altihjul.dk\/contacts\/#local-main-place-address","streetAddress":"V\u00e6selvej 40","addressLocality":"Skive","postalCode":"7800","addressCountry":"DK"},{"@type":"ImageObject","inLanguage":"nb-NO","@id":"https:\/\/altihjul.dk\/contacts\/#local-main-organization-logo","url":"https:\/\/altihjul.dk\/wp-content\/uploads\/2025\/06\/logo.png","contentUrl":"https:\/\/altihjul.dk\/wp-content\/uploads\/2025\/06\/logo.png","width":130,"height":30,"caption":"Altihjul"}]},"geo.placename":"Skive","geo.region":"Denmark"},"_links":{"self":[{"href":"https:\/\/altihjul.dk\/nb\/wp-json\/wp\/v2\/pages\/327","targetHints":{"allow":["GET"]}}],"collection":[{"href":"https:\/\/altihjul.dk\/nb\/wp-json\/wp\/v2\/pages"}],"about":[{"href":"https:\/\/altihjul.dk\/nb\/wp-json\/wp\/v2\/types\/page"}],"author":[{"embeddable":true,"href":"https:\/\/altihjul.dk\/nb\/wp-json\/wp\/v2\/users\/5"}],"replies":[{"embeddable":true,"href":"https:\/\/altihjul.dk\/nb\/wp-json\/wp\/v2\/comments?post=327"}],"version-history":[{"count":5,"href":"https:\/\/altihjul.dk\/nb\/wp-json\/wp\/v2\/pages\/327\/revisions"}],"predecessor-version":[{"id":4727,"href":"https:\/\/altihjul.dk\/nb\/wp-json\/wp\/v2\/pages\/327\/revisions\/4727"}],"wp:attachment":[{"href":"https:\/\/altihjul.dk\/nb\/wp-json\/wp\/v2\/media?parent=327"}],"curies":[{"name":"wp","href":"https:\/\/api.w.org\/{rel}","templated":true}]}}