{"id":3762,"date":"2025-07-03T12:26:26","date_gmt":"2025-07-03T12:26:26","guid":{"rendered":"https:\/\/altihjul.dk\/?post_type=product&#038;p=3762"},"modified":"2025-07-09T06:48:49","modified_gmt":"2025-07-09T06:48:49","slug":"bolt-hole-swivel-castor-d-75-mm-series-p2t2-ball-bearing","status":"publish","type":"product","link":"https:\/\/altihjul.dk\/da\/shop\/bolt-hole-swivel-castor-d-75-mm-series-p2t2-ball-bearing\/","title":{"rendered":"drejeligt hjul med bolthul d 75 mm serie P2T2 kugleleje"},"content":{"rendered":"<p>hus af galvaniseret st\u00e5lplade, drejeleje med dobbelt kugleleje, skruning med bolthul 11 mm, hus med materialestyrke 2,00 mm (beslag) og 2,00 mm (gaffel), f\u00e6lg af polypropylen gr\u00e5 \/ slidbane af termopl. gummi 95\u00b0 shore A gr\u00e5, navbredde 28 mm, kugleleje, skruet hjulaksel (inkl. alt akselmateriale), held\u00e6kkende plastgevindbeskyttelse<\/p>","protected":false},"excerpt":{"rendered":"<p>wheel center: polypropylene grey tread: thermopl. rubber 95\u00b0 shore A grey dyn. load capacity: 75 kg<\/p>","protected":false},"featured_media":867,"comment_status":"open","ping_status":"closed","template":"","meta":{"inline_featured_image":false},"product_brand":[],"product_cat":[51],"product_tag":[106],"class_list":{"0":"post-3762","1":"product","2":"type-product","3":"status-publish","4":"has-post-thumbnail","6":"product_cat-apparatus_castors","7":"product_tag-bolt-hole-swivel-castor","9":"first","10":"instock","11":"taxable","12":"shipping-taxable","13":"purchasable","14":"product-type-simple"},"acf":[],"yoast_head":"<!-- This site is optimized with the Yoast SEO Premium plugin v26.8 (Yoast SEO v27.4) - https:\/\/yoast.com\/product\/yoast-seo-premium-wordpress\/ -->\n<title>bolt hole swivel castor d 75 mm series P2T2 ball bearing \u2013 Premium | Smooth Rolling &amp; Heavy Duty Castors | Altihjul<\/title>\n<meta name=\"description\" content=\"Buy bolt hole swivel castor d 75 mm series P2T2 ball bearing from Altihjul. High-quality industrial caster wheels for your business.\" \/>\n<meta name=\"robots\" content=\"index, follow, max-snippet:-1, max-image-preview:large, max-video-preview:-1\" \/>\n<link rel=\"canonical\" href=\"https:\/\/altihjul.dk\/da\/butik\/bolt-hole-swivel-castor-d-75-mm-series-p2t2-ball-bearing\/\" \/>\n<meta property=\"og:locale\" content=\"da_DK\" \/>\n<meta property=\"og:type\" content=\"article\" \/>\n<meta property=\"og:title\" content=\"Buy bolt hole swivel castor d 75 mm series P2T2 ball bearing Online | Heavy Duty Castors by Altihjul\" \/>\n<meta property=\"og:description\" content=\"Order bolt hole swivel castor d 75 mm series P2T2 ball bearing online. Fast delivery from Altihjul.\" \/>\n<meta property=\"og:url\" content=\"https:\/\/altihjul.dk\/da\/butik\/bolt-hole-swivel-castor-d-75-mm-series-p2t2-ball-bearing\/\" \/>\n<meta property=\"og:site_name\" content=\"Altihjul\" \/>\n<meta property=\"article:modified_time\" content=\"2025-07-09T06:48:49+00:00\" \/>\n<meta property=\"og:image\" content=\"https:\/\/altihjul.dk\/wp-content\/uploads\/2025\/06\/HAH12C0075P2T2B42.jpg\" \/>\n\t<meta property=\"og:image:width\" content=\"1200\" \/>\n\t<meta property=\"og:image:height\" content=\"1200\" \/>\n\t<meta property=\"og:image:type\" content=\"image\/jpeg\" \/>\n<meta name=\"twitter:card\" content=\"summary_large_image\" \/>\n<meta name=\"twitter:label1\" content=\"Pris\" \/>\n\t<meta name=\"twitter:data1\" content=\"kr.21\" \/>\n\t<meta name=\"twitter:label2\" content=\"Tilg\u00e6ngelighed\" \/>\n\t<meta name=\"twitter:data2\" content=\"P\u00e5 lager\" \/>\n<script type=\"application\/ld+json\" class=\"yoast-schema-graph\">{\"@context\":\"https:\\\/\\\/schema.org\",\"@graph\":[{\"@type\":\"WebPage\",\"@id\":\"https:\\\/\\\/altihjul.dk\\\/shop\\\/bolt-hole-swivel-castor-d-75-mm-series-p2t2-ball-bearing\\\/\",\"url\":\"https:\\\/\\\/altihjul.dk\\\/shop\\\/bolt-hole-swivel-castor-d-75-mm-series-p2t2-ball-bearing\\\/\",\"name\":\"bolt hole swivel castor d 75 mm series P2T2 ball bearing \u2013 Premium | Smooth Rolling & Heavy Duty Castors | Altihjul\",\"isPartOf\":{\"@id\":\"https:\\\/\\\/altihjul.dk\\\/#website\"},\"primaryImageOfPage\":{\"@id\":\"https:\\\/\\\/altihjul.dk\\\/shop\\\/bolt-hole-swivel-castor-d-75-mm-series-p2t2-ball-bearing\\\/#primaryimage\"},\"image\":{\"@id\":\"https:\\\/\\\/altihjul.dk\\\/shop\\\/bolt-hole-swivel-castor-d-75-mm-series-p2t2-ball-bearing\\\/#primaryimage\"},\"thumbnailUrl\":\"https:\\\/\\\/altihjul.dk\\\/wp-content\\\/uploads\\\/2025\\\/06\\\/HAH12C0075P2T2B42.jpg\",\"datePublished\":\"2025-07-03T12:26:26+00:00\",\"dateModified\":\"2025-07-09T06:48:49+00:00\",\"description\":\"Buy bolt hole swivel castor d 75 mm series P2T2 ball bearing from Altihjul. High-quality industrial caster wheels for your business.\",\"breadcrumb\":{\"@id\":\"https:\\\/\\\/altihjul.dk\\\/shop\\\/bolt-hole-swivel-castor-d-75-mm-series-p2t2-ball-bearing\\\/#breadcrumb\"},\"inLanguage\":\"da-DK\",\"potentialAction\":[{\"@type\":\"ReadAction\",\"target\":[\"https:\\\/\\\/altihjul.dk\\\/shop\\\/bolt-hole-swivel-castor-d-75-mm-series-p2t2-ball-bearing\\\/\"]}]},{\"@type\":\"ImageObject\",\"inLanguage\":\"da-DK\",\"@id\":\"https:\\\/\\\/altihjul.dk\\\/shop\\\/bolt-hole-swivel-castor-d-75-mm-series-p2t2-ball-bearing\\\/#primaryimage\",\"url\":\"https:\\\/\\\/altihjul.dk\\\/wp-content\\\/uploads\\\/2025\\\/06\\\/HAH12C0075P2T2B42.jpg\",\"contentUrl\":\"https:\\\/\\\/altihjul.dk\\\/wp-content\\\/uploads\\\/2025\\\/06\\\/HAH12C0075P2T2B42.jpg\",\"width\":1200,\"height\":1200},{\"@type\":\"BreadcrumbList\",\"@id\":\"https:\\\/\\\/altihjul.dk\\\/shop\\\/bolt-hole-swivel-castor-d-75-mm-series-p2t2-ball-bearing\\\/#breadcrumb\",\"itemListElement\":[{\"@type\":\"ListItem\",\"position\":1,\"name\":\"Hjem\",\"item\":\"https:\\\/\\\/altihjul.dk\\\/\"},{\"@type\":\"ListItem\",\"position\":2,\"name\":\"Catalog\",\"item\":\"https:\\\/\\\/altihjul.dk\\\/catalog\\\/\"},{\"@type\":\"ListItem\",\"position\":3,\"name\":\"bolt hole swivel castor d 75 mm series P2T2 ball bearing\"}]},{\"@type\":\"WebSite\",\"@id\":\"https:\\\/\\\/altihjul.dk\\\/#website\",\"url\":\"https:\\\/\\\/altihjul.dk\\\/\",\"name\":\"Altihjul\",\"description\":\"\",\"publisher\":{\"@id\":\"https:\\\/\\\/altihjul.dk\\\/#organization\"},\"potentialAction\":[{\"@type\":\"SearchAction\",\"target\":{\"@type\":\"EntryPoint\",\"urlTemplate\":\"https:\\\/\\\/altihjul.dk\\\/?s={search_term_string}\"},\"query-input\":{\"@type\":\"PropertyValueSpecification\",\"valueRequired\":true,\"valueName\":\"search_term_string\"}}],\"inLanguage\":\"da-DK\"},{\"@type\":[\"Organization\",\"Place\"],\"@id\":\"https:\\\/\\\/altihjul.dk\\\/#organization\",\"name\":\"Altihjul\",\"url\":\"https:\\\/\\\/altihjul.dk\\\/\",\"logo\":{\"@id\":\"https:\\\/\\\/altihjul.dk\\\/shop\\\/bolt-hole-swivel-castor-d-75-mm-series-p2t2-ball-bearing\\\/#local-main-organization-logo\"},\"image\":{\"@id\":\"https:\\\/\\\/altihjul.dk\\\/shop\\\/bolt-hole-swivel-castor-d-75-mm-series-p2t2-ball-bearing\\\/#local-main-organization-logo\"},\"address\":{\"@id\":\"https:\\\/\\\/altihjul.dk\\\/shop\\\/bolt-hole-swivel-castor-d-75-mm-series-p2t2-ball-bearing\\\/#local-main-place-address\"},\"telephone\":[\"+45 97529219\"],\"openingHoursSpecification\":[{\"@type\":\"OpeningHoursSpecification\",\"dayOfWeek\":[\"Monday\",\"Tuesday\",\"Wednesday\",\"Thursday\"],\"opens\":\"07:00\",\"closes\":\"15:30\"},{\"@type\":\"OpeningHoursSpecification\",\"dayOfWeek\":[\"Friday\"],\"opens\":\"07:00\",\"closes\":\"12:00\"},{\"@type\":\"OpeningHoursSpecification\",\"dayOfWeek\":[\"Saturday\",\"Sunday\"],\"opens\":\"00:00\",\"closes\":\"00:00\"}],\"email\":\"info@Altihjul.dk\",\"vatID\":\"DK27510671\",\"taxID\":\"DK27510671\"},{\"@type\":\"PostalAddress\",\"@id\":\"https:\\\/\\\/altihjul.dk\\\/shop\\\/bolt-hole-swivel-castor-d-75-mm-series-p2t2-ball-bearing\\\/#local-main-place-address\",\"streetAddress\":\"V\u00e6selvej 40\",\"addressLocality\":\"Skive\",\"postalCode\":\"7800\",\"addressCountry\":\"DK\"},{\"@type\":\"ImageObject\",\"inLanguage\":\"da-DK\",\"@id\":\"https:\\\/\\\/altihjul.dk\\\/shop\\\/bolt-hole-swivel-castor-d-75-mm-series-p2t2-ball-bearing\\\/#local-main-organization-logo\",\"url\":\"https:\\\/\\\/altihjul.dk\\\/wp-content\\\/uploads\\\/2025\\\/06\\\/logo.png\",\"contentUrl\":\"https:\\\/\\\/altihjul.dk\\\/wp-content\\\/uploads\\\/2025\\\/06\\\/logo.png\",\"width\":130,\"height\":30,\"caption\":\"Altihjul\"}]}<\/script>\n<meta property=\"product:price:amount\" content=\"21\" \/>\n<meta property=\"product:price:currency\" content=\"DKK\" \/>\n<meta property=\"og:availability\" content=\"instock\" \/>\n<meta property=\"product:availability\" content=\"instock\" \/>\n<meta property=\"product:retailer_item_id\" content=\"IBH12C0075P2T2B42\" \/>\n<meta property=\"product:condition\" content=\"new\" \/>\n<meta name=\"geo.placename\" content=\"Skive\" \/>\n<meta name=\"geo.region\" content=\"Danmark\" \/>\n<!-- \/ Yoast SEO Premium plugin. -->","yoast_head_json":{"title":"Bolthulshjul d 75 mm serie P2T2 kugleleje - Premium | Letl\u00f8bende &amp; kraftige hjul | Altihjul","description":"K\u00f8b bolthulshjul d 75 mm serie P2T2 kugleleje fra Altihjul. Industrielle hjul af h\u00f8j kvalitet til din virksomhed.","robots":{"index":"index","follow":"follow","max-snippet":"max-snippet:-1","max-image-preview":"max-image-preview:large","max-video-preview":"max-video-preview:-1"},"canonical":"https:\/\/altihjul.dk\/da\/butik\/bolt-hole-swivel-castor-d-75-mm-series-p2t2-ball-bearing\/","og_locale":"da_DK","og_type":"article","og_title":"Buy bolt hole swivel castor d 75 mm series P2T2 ball bearing Online | Heavy Duty Castors by Altihjul","og_description":"Order bolt hole swivel castor d 75 mm series P2T2 ball bearing online. Fast delivery from Altihjul.","og_url":"https:\/\/altihjul.dk\/da\/butik\/bolt-hole-swivel-castor-d-75-mm-series-p2t2-ball-bearing\/","og_site_name":"Altihjul","article_modified_time":"2025-07-09T06:48:49+00:00","og_image":[{"width":1200,"height":1200,"url":"https:\/\/altihjul.dk\/wp-content\/uploads\/2025\/06\/HAH12C0075P2T2B42.jpg","type":"image\/jpeg"}],"twitter_card":"summary_large_image","twitter_misc":{"Pris":"kr.21","Tilg\u00e6ngelighed":"P\u00e5 lager"},"schema":{"@context":"https:\/\/schema.org","@graph":[{"@type":"WebPage","@id":"https:\/\/altihjul.dk\/shop\/bolt-hole-swivel-castor-d-75-mm-series-p2t2-ball-bearing\/","url":"https:\/\/altihjul.dk\/shop\/bolt-hole-swivel-castor-d-75-mm-series-p2t2-ball-bearing\/","name":"Bolthulshjul d 75 mm serie P2T2 kugleleje - Premium | Letl\u00f8bende &amp; kraftige hjul | Altihjul","isPartOf":{"@id":"https:\/\/altihjul.dk\/#website"},"primaryImageOfPage":{"@id":"https:\/\/altihjul.dk\/shop\/bolt-hole-swivel-castor-d-75-mm-series-p2t2-ball-bearing\/#primaryimage"},"image":{"@id":"https:\/\/altihjul.dk\/shop\/bolt-hole-swivel-castor-d-75-mm-series-p2t2-ball-bearing\/#primaryimage"},"thumbnailUrl":"https:\/\/altihjul.dk\/wp-content\/uploads\/2025\/06\/HAH12C0075P2T2B42.jpg","datePublished":"2025-07-03T12:26:26+00:00","dateModified":"2025-07-09T06:48:49+00:00","description":"K\u00f8b bolthulshjul d 75 mm serie P2T2 kugleleje fra Altihjul. Industrielle hjul af h\u00f8j kvalitet til din virksomhed.","breadcrumb":{"@id":"https:\/\/altihjul.dk\/shop\/bolt-hole-swivel-castor-d-75-mm-series-p2t2-ball-bearing\/#breadcrumb"},"inLanguage":"da-DK","potentialAction":[{"@type":"ReadAction","target":["https:\/\/altihjul.dk\/shop\/bolt-hole-swivel-castor-d-75-mm-series-p2t2-ball-bearing\/"]}]},{"@type":"ImageObject","inLanguage":"da-DK","@id":"https:\/\/altihjul.dk\/shop\/bolt-hole-swivel-castor-d-75-mm-series-p2t2-ball-bearing\/#primaryimage","url":"https:\/\/altihjul.dk\/wp-content\/uploads\/2025\/06\/HAH12C0075P2T2B42.jpg","contentUrl":"https:\/\/altihjul.dk\/wp-content\/uploads\/2025\/06\/HAH12C0075P2T2B42.jpg","width":1200,"height":1200},{"@type":"BreadcrumbList","@id":"https:\/\/altihjul.dk\/shop\/bolt-hole-swivel-castor-d-75-mm-series-p2t2-ball-bearing\/#breadcrumb","itemListElement":[{"@type":"ListItem","position":1,"name":"Hjem","item":"https:\/\/altihjul.dk\/"},{"@type":"ListItem","position":2,"name":"Catalog","item":"https:\/\/altihjul.dk\/catalog\/"},{"@type":"ListItem","position":3,"name":"bolt hole swivel castor d 75 mm series P2T2 ball bearing"}]},{"@type":"WebSite","@id":"https:\/\/altihjul.dk\/#website","url":"https:\/\/altihjul.dk\/","name":"Altihjul","description":"","publisher":{"@id":"https:\/\/altihjul.dk\/#organization"},"potentialAction":[{"@type":"SearchAction","target":{"@type":"EntryPoint","urlTemplate":"https:\/\/altihjul.dk\/?s={search_term_string}"},"query-input":{"@type":"PropertyValueSpecification","valueRequired":true,"valueName":"search_term_string"}}],"inLanguage":"da-DK"},{"@type":["Organization","Place"],"@id":"https:\/\/altihjul.dk\/#organization","name":"Altihjul","url":"https:\/\/altihjul.dk\/","logo":{"@id":"https:\/\/altihjul.dk\/shop\/bolt-hole-swivel-castor-d-75-mm-series-p2t2-ball-bearing\/#local-main-organization-logo"},"image":{"@id":"https:\/\/altihjul.dk\/shop\/bolt-hole-swivel-castor-d-75-mm-series-p2t2-ball-bearing\/#local-main-organization-logo"},"address":{"@id":"https:\/\/altihjul.dk\/shop\/bolt-hole-swivel-castor-d-75-mm-series-p2t2-ball-bearing\/#local-main-place-address"},"telephone":["+45 97529219"],"openingHoursSpecification":[{"@type":"OpeningHoursSpecification","dayOfWeek":["Monday","Tuesday","Wednesday","Thursday"],"opens":"07:00","closes":"15:30"},{"@type":"OpeningHoursSpecification","dayOfWeek":["Friday"],"opens":"07:00","closes":"12:00"},{"@type":"OpeningHoursSpecification","dayOfWeek":["Saturday","Sunday"],"opens":"00:00","closes":"00:00"}],"email":"info@Altihjul.dk","vatID":"DK27510671","taxID":"DK27510671"},{"@type":"PostalAddress","@id":"https:\/\/altihjul.dk\/shop\/bolt-hole-swivel-castor-d-75-mm-series-p2t2-ball-bearing\/#local-main-place-address","streetAddress":"V\u00e6selvej 40","addressLocality":"Skive","postalCode":"7800","addressCountry":"DK"},{"@type":"ImageObject","inLanguage":"da-DK","@id":"https:\/\/altihjul.dk\/shop\/bolt-hole-swivel-castor-d-75-mm-series-p2t2-ball-bearing\/#local-main-organization-logo","url":"https:\/\/altihjul.dk\/wp-content\/uploads\/2025\/06\/logo.png","contentUrl":"https:\/\/altihjul.dk\/wp-content\/uploads\/2025\/06\/logo.png","width":130,"height":30,"caption":"Altihjul"}]},"product_price_amount":"21","product_price_currency":"DKK","og_availability":"instock","product_availability":"instock","product_retailer_item_id":"IBH12C0075P2T2B42","product_condition":"new","geo.placename":"Skive","geo.region":"Danmark"},"_links":{"self":[{"href":"https:\/\/altihjul.dk\/da\/wp-json\/wp\/v2\/product\/3762","targetHints":{"allow":["GET"]}}],"collection":[{"href":"https:\/\/altihjul.dk\/da\/wp-json\/wp\/v2\/product"}],"about":[{"href":"https:\/\/altihjul.dk\/da\/wp-json\/wp\/v2\/types\/product"}],"replies":[{"embeddable":true,"href":"https:\/\/altihjul.dk\/da\/wp-json\/wp\/v2\/comments?post=3762"}],"wp:featuredmedia":[{"embeddable":true,"href":"https:\/\/altihjul.dk\/da\/wp-json\/wp\/v2\/media\/867"}],"wp:attachment":[{"href":"https:\/\/altihjul.dk\/da\/wp-json\/wp\/v2\/media?parent=3762"}],"wp:term":[{"taxonomy":"product_brand","embeddable":true,"href":"https:\/\/altihjul.dk\/da\/wp-json\/wp\/v2\/product_brand?post=3762"},{"taxonomy":"product_cat","embeddable":true,"href":"https:\/\/altihjul.dk\/da\/wp-json\/wp\/v2\/product_cat?post=3762"},{"taxonomy":"product_tag","embeddable":true,"href":"https:\/\/altihjul.dk\/da\/wp-json\/wp\/v2\/product_tag?post=3762"}],"curies":[{"name":"wp","href":"https:\/\/api.w.org\/{rel}","templated":true}]}}